{"id":66,"date":"2014-09-08T11:06:07","date_gmt":"2014-09-08T09:06:07","guid":{"rendered":"http:\/\/www.fragrance-club.ch\/?page_id=66"},"modified":"2016-05-16T15:48:36","modified_gmt":"2016-05-16T13:48:36","slug":"lernen","status":"publish","type":"page","link":"https:\/\/www.fragrance-club.ch\/?page_id=66","title":{"rendered":"Know-How und Training f\u00fcr die Nase"},"content":{"rendered":"<header class=\"entry-header\" style=\"color: #373737;\">\n<h1 class=\"entry-title\" style=\"font-weight: bold; color: #000000;\"><span class=\"notranslate\">Die Welt Erschnuppern<\/span><\/h1>\n<div class=\"entry-meta\" style=\"color: #666666;\"><time class=\"entry-date\" datetime=\"2013-01-30T19:13:51+00:00\"><span class=\"notranslate\">\u00a0<\/span><\/time><\/div>\n<\/header>\n<div class=\"entry-content\" style=\"color: #373737;\">\n<p><span class=\"notranslate\"><a href=\"http:\/\/www.fragrance-club.ch\/wp-content\/uploads\/2014\/06\/Fotolia_65006827_S1.jpg\"><img loading=\"lazy\" decoding=\"async\" class=\"alignleft size-medium wp-image-110\" src=\"http:\/\/www.fragrance-club.ch\/wp-content\/uploads\/2014\/06\/Fotolia_65006827_S1-198x300.jpg\" alt=\"Parf\u00fcme\" width=\"198\" height=\"300\" srcset=\"https:\/\/www.fragrance-club.ch\/wp-content\/uploads\/2014\/06\/Fotolia_65006827_S1-198x300.jpg 198w, https:\/\/www.fragrance-club.ch\/wp-content\/uploads\/2014\/06\/Fotolia_65006827_S1.jpg 564w\" sizes=\"auto, (max-width: 198px) 100vw, 198px\" \/><\/a>Unsere Haut riecht mit &#8211; vor einigen Jahren haben Wissenschaftler entdeckt, dass unsere Riechrezeptoren nicht nur in der Nase, sondern auch in anderen Organen wie im Gehirn, Prostata, in Spermien und auf der Haut aktiv sind.<\/span><\/p>\n<\/div>\n<p>Unser Gehirn saugt f\u00f6rmlich Informationen \u00fcber Ger\u00fcche auf, auch wenn wir diese gar nicht bewusst wahrnehmen. Diese Erkenntnisse machen sich Marketingstrategen zu nutze. Spezielle Duftagenturen beraten Unternehmen mit einer Vielzahl von verkaufsf\u00f6rdernden Ger\u00fcchen.<\/p>\n<p>Entgegen einer verbreiteten Meinung sind wir nicht geruchsblind unserem eigenen K\u00f6rpergeruch gegen\u00fcber. Allerdings nehmen wir die meiste Zeit unseren eigenen Duft nicht bewusst wahr.<\/p>\n<p>D\u00fcfte sind nie neutral &#8211; sondern immer emotional! Sie erinnern uns z.B. an gl\u00fcckliche und traurige Erlebnisse, an Ortschaften und Mitmenschen. Ger\u00fcche wirken auf jeden Menschen individuell verschieden &#8211; pr\u00e4gend ist die jeweilige Erfahrung, die sich damit verbindet.<\/p>\n<p class=\"entry-content\" style=\"color: #373737;\"><span class=\"notranslate\"><br \/>\n<strong>\u00a0Training f\u00fcr die Nase<br \/>\n<\/strong><br \/>\n<a href=\"http:\/\/www.fragrance-club.ch\/wp-content\/uploads\/2014\/06\/Fotolia_45640851_XS.jpg\" rel=\"attachment wp-att-97\"><img loading=\"lazy\" decoding=\"async\" class=\"alignright size-medium wp-image-97\" src=\"http:\/\/www.fragrance-club.ch\/wp-content\/uploads\/2014\/06\/Fotolia_45640851_XS-300x300.jpg\" alt=\"Gew\u00fcrze\" width=\"300\" height=\"300\" srcset=\"https:\/\/www.fragrance-club.ch\/wp-content\/uploads\/2014\/06\/Fotolia_45640851_XS-300x300.jpg 300w, https:\/\/www.fragrance-club.ch\/wp-content\/uploads\/2014\/06\/Fotolia_45640851_XS-150x150.jpg 150w, https:\/\/www.fragrance-club.ch\/wp-content\/uploads\/2014\/06\/Fotolia_45640851_XS.jpg 346w\" sizes=\"auto, (max-width: 300px) 100vw, 300px\" \/><\/a>Riechen Sie die Welt um\u00a0sich herum: Ich empfehle Ihnen am besten mit folgendem Link zu starten : &#8220;\u00a0<a style=\"color: #1982d1;\" title=\"Wie Parf\u00fcm erschwinglich und Spa\u00df machen\" href=\"https:\/\/translate.googleusercontent.com\/translate_c?act=url&amp;depth=1&amp;hl=de&amp;ie=UTF8&amp;prev=_t&amp;rurl=translate.google.com&amp;sl=en&amp;tl=de&amp;u=http:\/\/boisdejasmin.com\/2012\/10\/how-to-make-perfume-hobby-affordable-and-more-fun.html&amp;usg=ALkJrhjzP1EW9s50Ficv7ogzjThaaifbfA\" target=\"_blank\">Wie man Parf\u00fcm zum Hobby gewinnt &#8211; zu einem erschwinglichen Preis\u00a0und zudem mehr Spass dabei hat<\/a>\u00a0. &#8222;Es ist von Victoria am<strong>Bois de Jasmin<\/strong>\u00a0geschrieben und lohnt sich\u00a0auf jeden Fall\u00a0zu lesen.<\/span><\/p>\n<p class=\"entry-content\" style=\"color: #373737;\"><span class=\"notranslate\">Wenn Sie motiviert sind , mehr \u00fcber D\u00fcfte zu Lernen, dann starten Sie mit aktivem riechen von\u00a0aromatischen\u00a0Dingen um\u00a0sich herum wie &#8211; Kr\u00e4uter, Tee, Kaffee, Schokolade, Oliven\u00f6l, Mangos, Leder, Kleider usw&#8230;<\/span><\/p>\n<p class=\"entry-content\" style=\"color: #373737;\"><span class=\"notranslate\">Viele Parf\u00fcmeure komme aus einer Familie von Duft-Profis hervor, vor allem, weil sie gelehrt haben, ihre Nase in einem fr\u00fchen Alter auch aktiv zu verwenden.<\/span><\/p>\n<p class=\"entry-content\" style=\"color: #373737;\"><span class=\"notranslate\">M\u00f6glicherweise haben Sie nicht ein Arsenal von \u00e4therischen \u00d6len und Parfumstoffe zu Hause rumstehen. <\/span><span class=\"notranslate\">\u00d6ffnen Sie Ihren Gew\u00fcrzschrank zu Hause und schn\u00fcffeln Sie Zimt, Piment oder Vanille-Extrakt.<\/span>\u00a0<span class=\"notranslate\">Sie brauchen nicht eine teure Probe von\u00a0Lorenzo Villoresi Piper zu bestellen, wenn Sie schwarzen Pfeffer in Ihrer K\u00fcche vorhanden haben.<\/span>\u00a0<span class=\"notranslate\">Zerdr\u00fccken Sie die Pfefferk\u00f6rner und riechen Sie die hellen Kopfnoten. <\/span><span class=\"notranslate\">Beachten Sie, wie sie genau riechen: zitronig und cool.<\/span>\u00a0<span class=\"notranslate\">Dann schnuppern sie 10 Minuten sp\u00e4ter nochmals, um die holzig-rauchigen Nuancen zu bemerken.<\/span>\u00a0<span class=\"notranslate\">Der Duft von Gew\u00fcrzen ist so komplex wie die jedes Parf\u00fcms, und die meisten Ihrer Lieblingsd\u00fcfte beinhalten wahrscheinlich ein Gew\u00fcrz oder zwei in ihren Grundformeln.<\/span><\/p>\n<p class=\"entry-content\" style=\"color: #373737;\"><span class=\"notranslate\"><a href=\"http:\/\/www.fragrance-club.ch\/wp-content\/uploads\/2014\/06\/fotolia_59049394.jpg\" rel=\"attachment wp-att-80\"><img loading=\"lazy\" decoding=\"async\" class=\"alignleft size-medium wp-image-80\" src=\"http:\/\/www.fragrance-club.ch\/wp-content\/uploads\/2014\/06\/fotolia_59049394-300x199.jpg\" alt=\"bunte gew\u00fcrze\" width=\"300\" height=\"199\" srcset=\"https:\/\/www.fragrance-club.ch\/wp-content\/uploads\/2014\/06\/fotolia_59049394-300x199.jpg 300w, https:\/\/www.fragrance-club.ch\/wp-content\/uploads\/2014\/06\/fotolia_59049394.jpg 512w\" sizes=\"auto, (max-width: 300px) 100vw, 300px\" \/><\/a>Ich kann diesen wichtigen Punkt nicht genug betonen: <\/span><span class=\"notranslate\">Gehen Sie raus in die Natur und riechen Sie die grundlegenden Dinge um\u00a0sich herum.<\/span>\u00a0<span class=\"notranslate\">Wenn Sie im Park sind,\u00a0nehmen Sie etwas Erde in Ihre H\u00e4nde und riechen, was es genau\u00a0ist,\u00a0ob feucht oder trocken.<\/span>\u00a0<span class=\"notranslate\">Der erdige Geruch ist etwas, das oft in Parfums (ob als Trocken-Down-Finish auf Patchouli, Moschus oder andere Elementen) vorkommt.<\/span>\u00a0<span class=\"notranslate\">Dasselbe erkunden Sie mit Blumen\u00a0 &#8211; wie Iris, Rosen, Tulpen\u00a0&#8211; oder wenn Sie sich\u00a0in der N\u00e4he von Kiefern befinden, umarmen Sie die Baumrinde &#8211; s<\/span><span class=\"notranslate\">chlie\u00dfen Sie die Augen, atmen tief ein und versuchen nun, das Aroma in Ihre geistige &#8222;Parf\u00fcm-Bibliothek.&#8220; einzuordnen und aufzunehmen.<\/span><\/p>\n<p>&nbsp;<\/p>\n<div class=\"entry-content\" style=\"color: #373737;\">\n<ul>\n<li><span class=\"notranslate\">Das n\u00e4chste Mal\u00a0beim Besuch von\u00a0IKEA oder einem anderen\u00a0\u00a0M\u00f6belhaus stoppen Sie und \u00f6ffnen\u00a0die Holzkommode und riechen in die Schublade rein.<\/span>\u00a0<span class=\"notranslate\"><span class=\"notranslate\">So viele Parfums haben heutzutage Holznoten wie Adlerholz in Oud oder Sandelholz &#8211; Sie k\u00f6nnen Ihre Nase entsprechend\u00a0trainieren und nun diverse Holznoten abholen.<\/span><\/span>&nbsp;<\/li>\n<li><span class=\"notranslate\"><a href=\"http:\/\/www.fragrance-club.ch\/wp-content\/uploads\/2014\/06\/Fotolia_53879471_S.jpg\"><img loading=\"lazy\" decoding=\"async\" class=\"alignright size-medium wp-image-100\" src=\"http:\/\/www.fragrance-club.ch\/wp-content\/uploads\/2014\/06\/Fotolia_53879471_S-300x198.jpg\" alt=\"Zitrone geschnitten\" width=\"300\" height=\"198\" srcset=\"https:\/\/www.fragrance-club.ch\/wp-content\/uploads\/2014\/06\/Fotolia_53879471_S-300x198.jpg 300w, https:\/\/www.fragrance-club.ch\/wp-content\/uploads\/2014\/06\/Fotolia_53879471_S-800x530.jpg 800w, https:\/\/www.fragrance-club.ch\/wp-content\/uploads\/2014\/06\/Fotolia_53879471_S.jpg 851w\" sizes=\"auto, (max-width: 300px) 100vw, 300px\" \/><\/a>Das n\u00e4chste Mal wenn Sie kochen, nehmen Sie eine Zitrone, Grapefruit oder Orange und schneiden diese in Scheiben<\/span><span class=\"notranslate\">.<\/span>\u00a0<span class=\"notranslate\">Riechen Sie sofort wenn alles noch frisch\u00a0geschnitten ist, sodass der Geruch des Zellstoffes vergleichen werden\u00a0kann.<\/span>\u00a0<span class=\"notranslate\">Die \u00d6le in der Rinde oder Schale\u00a0sollte einen starken\u00a0Unterschied ausmachen: entweder mehr bitter, mehr pikanter, konzentrierter oder aromatischer.<br \/>\n<\/span><\/li>\n<\/ul>\n<\/div>\n<ul>\n<li><span class=\"notranslate\">Riechen Sie frische Pflaumen und vergleichen Sie den Duft mit denen von getrockneten Pflaumen.<\/span>\u00a0<span class=\"notranslate\">Dann vergleichen Sie beide Aromen von Rosinen.<\/span>\u00a0<span class=\"notranslate\"><span class=\"notranslate\">K\u00f6nnen Sie die Unterschiede erkennen?<\/span><\/span><\/li>\n<\/ul>\n<p><a href=\"http:\/\/www.fragrance-club.ch\/wp-content\/uploads\/2014\/06\/Fotolia_59952631_S.jpg\" rel=\"attachment wp-att-104\"><img loading=\"lazy\" decoding=\"async\" class=\"alignleft size-medium wp-image-104\" src=\"http:\/\/www.fragrance-club.ch\/wp-content\/uploads\/2014\/06\/Fotolia_59952631_S-300x200.jpg\" alt=\"Gew\u00fcrzt\u00f6pfe\" width=\"300\" height=\"200\" srcset=\"https:\/\/www.fragrance-club.ch\/wp-content\/uploads\/2014\/06\/Fotolia_59952631_S-300x200.jpg 300w, https:\/\/www.fragrance-club.ch\/wp-content\/uploads\/2014\/06\/Fotolia_59952631_S-800x533.jpg 800w, https:\/\/www.fragrance-club.ch\/wp-content\/uploads\/2014\/06\/Fotolia_59952631_S.jpg 849w\" sizes=\"auto, (max-width: 300px) 100vw, 300px\" \/><\/a><\/p>\n<p><span class=\"notranslate\">Wenn Sie zu einem indischen Restaurant gehen, bestellen Sie ein Curry oder Pilaw-Reis Gericht, nehmen sich ein paar Minuten Zeit, schliessen die Augen und konzentrieren sich auf die frischen Ger\u00fcche von\u00a0<\/span><span class=\"notranslate\">Kardamom, Kreuzk\u00fcmmel oder Koriander in der Curry zu erkennen.<\/span><\/p>\n<p>&nbsp;<\/p>\n<ul>\n<li><span class=\"notranslate\">Feiern Sie einen Geburtstag oder einen Jahrestag mit Champagner?<\/span>\u00a0<span class=\"notranslate\">Rum &amp; Coke ist eine Ihrer Lieblings-Getr\u00e4nke? <\/span><span class=\"notranslate\">Haben Sie jemals Rum Rosinen-Eis gekauft?<\/span>\u00a0<span class=\"notranslate\">Dann m\u00fcssen Sie dies unbedingt ausprobieren.<\/span>\u00a0<span class=\"notranslate\">Champagner prickelnde Noten werden oft in Parfums wiederholt, vor allem diejenigen mit Aldehyden.<\/span>\u00a0<span class=\"notranslate\">Und Rum wird h\u00e4ufig in vielen Gourmand D\u00fcften verwendet.<br \/>\n<a href=\"http:\/\/www.fragrance-club.ch\/wp-content\/uploads\/2014\/06\/Fotolia_51323022_XS1.jpg\" rel=\"attachment wp-att-99\"><img loading=\"lazy\" decoding=\"async\" class=\"alignright size-medium wp-image-99\" src=\"http:\/\/www.fragrance-club.ch\/wp-content\/uploads\/2014\/06\/Fotolia_51323022_XS1-200x300.jpg\" alt=\"Kaffeebohne\" width=\"200\" height=\"300\" srcset=\"https:\/\/www.fragrance-club.ch\/wp-content\/uploads\/2014\/06\/Fotolia_51323022_XS1-200x300.jpg 200w, https:\/\/www.fragrance-club.ch\/wp-content\/uploads\/2014\/06\/Fotolia_51323022_XS1.jpg 283w\" sizes=\"auto, (max-width: 200px) 100vw, 200px\" \/><\/a><br \/>\n<\/span><\/li>\n<\/ul>\n<p>&nbsp;<\/p>\n<ul>\n<li><span class=\"notranslate\">Haben Sie jemals eine Baumschule besucht, um Pflanzen zu kaufen? <\/span><span class=\"notranslate\">Wenn dem so ist, verwenden Sie die entsprechenden M\u00f6glichkeiten dort zu schnuppern und so auf Entdeckungsreise zu gehen &#8211;\u00a0Orchideenbl\u00fcten, B\u00e4ume, Moos oder Torf, Heu, Gr\u00e4ser und Bl\u00e4tter werden Sie regelrecht auf eine abenteuerliche Reise entf\u00fchren\u00a0.<\/span>\u00a0<span class=\"notranslate\">Diese gr\u00fcnen oder holzigen Noten sind einige der h\u00e4ufigsten Basen in den heutigen Parf\u00fcms!<\/span><\/li>\n<\/ul>\n<p><span class=\"notranslate\"><em><span style=\"font-family: Thread-00001014-Id-0000004f;\">\u00a0<\/span><\/em><\/span><\/p>\n","protected":false},"excerpt":{"rendered":"<p>Die Welt Erschnuppern \u00a0 Unsere Haut riecht mit &#8211; vor einigen Jahren haben Wissenschaftler entdeckt, dass unsere Riechrezeptoren nicht nur in der Nase, sondern auch in anderen Organen wie im Gehirn, Prostata, in Spermien und auf der Haut aktiv sind. Unser Gehirn saugt f\u00f6rmlich Informationen \u00fcber Ger\u00fcche auf, auch wenn wir diese gar nicht bewusst [&hellip;]<\/p>\n","protected":false},"author":1,"featured_media":0,"parent":0,"menu_order":0,"comment_status":"closed","ping_status":"closed","template":"","meta":{"footnotes":""},"class_list":["post-66","page","type-page","status-publish","hentry"],"_links":{"self":[{"href":"https:\/\/www.fragrance-club.ch\/index.php?rest_route=\/wp\/v2\/pages\/66","targetHints":{"allow":["GET"]}}],"collection":[{"href":"https:\/\/www.fragrance-club.ch\/index.php?rest_route=\/wp\/v2\/pages"}],"about":[{"href":"https:\/\/www.fragrance-club.ch\/index.php?rest_route=\/wp\/v2\/types\/page"}],"author":[{"embeddable":true,"href":"https:\/\/www.fragrance-club.ch\/index.php?rest_route=\/wp\/v2\/users\/1"}],"replies":[{"embeddable":true,"href":"https:\/\/www.fragrance-club.ch\/index.php?rest_route=%2Fwp%2Fv2%2Fcomments&post=66"}],"version-history":[{"count":11,"href":"https:\/\/www.fragrance-club.ch\/index.php?rest_route=\/wp\/v2\/pages\/66\/revisions"}],"predecessor-version":[{"id":115,"href":"https:\/\/www.fragrance-club.ch\/index.php?rest_route=\/wp\/v2\/pages\/66\/revisions\/115"}],"wp:attachment":[{"href":"https:\/\/www.fragrance-club.ch\/index.php?rest_route=%2Fwp%2Fv2%2Fmedia&parent=66"}],"curies":[{"name":"wp","href":"https:\/\/api.w.org\/{rel}","templated":true}]}}