{"id":22,"date":"2014-06-30T19:36:26","date_gmt":"2014-06-30T17:36:26","guid":{"rendered":"http:\/\/www.fragrance-club.ch\/?page_id=22"},"modified":"2016-03-30T21:26:05","modified_gmt":"2016-03-30T19:26:05","slug":"marken","status":"publish","type":"page","link":"https:\/\/www.fragrance-club.ch\/?page_id=22","title":{"rendered":"Marken"},"content":{"rendered":"<p style=\"text-align: left;\">Alphabetisch aufgelistet finden Sie alle aktuellen Parf\u00fcmmarken, die im schweizer Markt erh\u00e4ltlich sind:<\/p>\n<p><a href=\"http:\/\/www.fragrance-club.ch\/wp-content\/uploads\/2014\/06\/Auswahl-e1404756370600.jpg\"><img loading=\"lazy\" decoding=\"async\" class=\"alignright wp-image-31 size-full\" src=\"http:\/\/www.fragrance-club.ch\/wp-content\/uploads\/2014\/06\/Auswahl-e1404756370600.jpg\" alt=\"Verschiedene Flacons - verschiedene D\u00fcfte\" width=\"401\" height=\"267\" srcset=\"https:\/\/www.fragrance-club.ch\/wp-content\/uploads\/2014\/06\/Auswahl-e1404756370600.jpg 401w, https:\/\/www.fragrance-club.ch\/wp-content\/uploads\/2014\/06\/Auswahl-e1404756370600-300x199.jpg 300w\" sizes=\"auto, (max-width: 401px) 100vw, 401px\" \/><\/a><\/p>\n<ul>\n<li><a href=\"http:\/\/www.oswaldparfum.ch\/Acqua-di-Biella\"><span style=\"color: #000000;\">Acqua di Biella<\/span><\/a><\/li>\n<li><a href=\"http:\/\/www.oswaldparfum.ch\/Acqua-di-Parma\"><span style=\"color: #000000;\">Acqua di Parma<\/span><\/a><\/li>\n<li><a href=\"http:\/\/www.oswaldparfum.ch\/Air-Stocking\"><span style=\"color: #000000;\">Air Stocking<\/span><\/a><\/li>\n<li><a href=\"http:\/\/www.oswaldparfum.ch\/ananne\"><span style=\"color: #000000;\">anann\u00e9<\/span><\/a><\/li>\n<li><a href=\"http:\/\/www.oswaldparfum.ch\/Aramis\"><span style=\"color: #000000;\">Aramis<\/span><\/a><\/li>\n<li><a href=\"http:\/\/www.oswaldparfum.ch\/Armani-Prive\"><span style=\"color: #000000;\">Armani\/Priv\u00e9<\/span><\/a><\/li>\n<li><a href=\"http:\/\/www.oswaldparfum.ch\/Atkinsons-1799\"><span style=\"color: #000000;\">Atkinsons 1799<\/span><\/a><\/li>\n<li><a href=\"http:\/\/www.oswaldparfum.ch\/Biotherm\"><span style=\"color: #000000;\">Biotherm<\/span><\/a><\/li>\n<li><a href=\"http:\/\/www.oswaldparfum.ch\/Bjoern-Axen\"><span style=\"color: #000000;\">Bj\u00f6rn Ax\u00e9n<\/span><\/a><\/li>\n<li><a href=\"http:\/\/www.oswaldparfum.ch\/Bobbi-Brown\"><span style=\"color: #000000;\">Bobbi Brown<\/span><\/a><\/li>\n<li><a href=\"http:\/\/www.oswaldparfum.ch\/Bois-1920\"><span style=\"color: #000000;\">Bois 1920<\/span><\/a><\/li>\n<li><a href=\"http:\/\/www.oswaldparfum.ch\/Boucheron\"><span style=\"color: #000000;\">Boucheron<\/span><\/a><\/li>\n<li><a href=\"http:\/\/www.oswaldparfum.ch\/Burberry\"><span style=\"color: #000000;\">Burberry<\/span><\/a><\/li>\n<li><a href=\"http:\/\/www.oswaldparfum.ch\/Bvlgari\"><span style=\"color: #000000;\">Bvlgari<\/span><\/a><\/li>\n<li><a href=\"http:\/\/www.oswaldparfum.ch\/Carita\"><span style=\"color: #000000;\">Carita<\/span><\/a><\/li>\n<li><a href=\"http:\/\/www.oswaldparfum.ch\/Carla-Fracci\"><span style=\"color: #000000;\">Carla Fracci<\/span><\/a><\/li>\n<li><a href=\"http:\/\/www.oswaldparfum.ch\/Chanel\"><span style=\"color: #000000;\">Chanel<\/span><\/a><\/li>\n<li><a href=\"http:\/\/www.oswaldparfum.ch\/Clarins\"><span style=\"color: #000000;\">Clarins<\/span><\/a><\/li>\n<li><a href=\"http:\/\/www.oswaldparfum.ch\/Clean\"><span style=\"color: #000000;\">Clean<\/span><\/a><\/li>\n<li><a href=\"http:\/\/www.oswaldparfum.ch\/Clinique\"><span style=\"color: #000000;\">Clinique<\/span><\/a><\/li>\n<li><a href=\"http:\/\/www.oswaldparfum.ch\/Collistar\"><span style=\"color: #000000;\">Collistar<\/span><\/a><\/li>\n<li><a href=\"http:\/\/www.oswaldparfum.ch\/Creed\"><span style=\"color: #000000;\">Creed<\/span><\/a><\/li>\n<li><a href=\"http:\/\/www.oswaldparfum.ch\/Declare\"><span style=\"color: #000000;\">Declar\u00e9<\/span><\/a><\/li>\n<li><a href=\"http:\/\/www.oswaldparfum.ch\/Dior\"><span style=\"color: #000000;\">Dior<\/span><\/a><\/li>\n<li><a href=\"http:\/\/www.oswaldparfum.ch\/Donna-Karan\"><span style=\"color: #000000;\">Donna Karan<\/span><\/a><\/li>\n<li><a href=\"http:\/\/www.oswaldparfum.ch\/Elie-Saab\"><span style=\"color: #000000;\">Elie Saab<\/span><\/a><\/li>\n<li><a href=\"http:\/\/www.oswaldparfum.ch\/Estee-Lauder\"><span style=\"color: #000000;\">Est\u00e9e Lauder<\/span><\/a><\/li>\n<li><a href=\"http:\/\/www.oswaldparfum.ch\/Eyesential\"><span style=\"color: #000000;\">Eyesential<\/span><\/a><\/li>\n<li><a href=\"http:\/\/www.oswaldparfum.ch\/Giorgio-Armani\"><span style=\"color: #000000;\">Giorgio Armani<\/span><\/a><\/li>\n<li><a href=\"http:\/\/www.oswaldparfum.ch\/Guerlain\"><span style=\"color: #000000;\">Guerlain<\/span><\/a><\/li>\n<li><a href=\"http:\/\/www.oswaldparfum.ch\/Hermes\"><span style=\"color: #000000;\">Herm\u00e8s<\/span><\/a><\/li>\n<li><a href=\"http:\/\/www.oswaldparfum.ch\/Il-Profumo\"><span style=\"color: #000000;\">Il Profumo<\/span><\/a><\/li>\n<li><a href=\"http:\/\/www.oswaldparfum.ch\/Jimmy-Choo\"><span style=\"color: #000000;\">Jimmy Choo<\/span><\/a><\/li>\n<li><a href=\"http:\/\/www.oswaldparfum.ch\/Jurlique\"><span style=\"color: #000000;\">Jurlique<\/span><\/a><\/li>\n<li><a href=\"http:\/\/www.oswaldparfum.ch\/Juvena\"><span style=\"color: #000000;\">Juvena<\/span><\/a><\/li>\n<li><a href=\"http:\/\/www.oswaldparfum.ch\/Keiko-Mecheri\"><span style=\"color: #000000;\">Keiko Mecheri<\/span><\/a><\/li>\n<li><a href=\"http:\/\/www.oswaldparfum.ch\/Kiehls\"><span style=\"color: #000000;\">Kiehls<\/span><\/a><\/li>\n<li><a href=\"http:\/\/www.oswaldparfum.ch\/Kiton\"><span style=\"color: #000000;\">Kiton<\/span><\/a><\/li>\n<li><a href=\"http:\/\/www.oswaldparfum.ch\/LOccitane\"><span style=\"color: #000000;\">L&#8217;Occitane<\/span><\/a><\/li>\n<li><a href=\"http:\/\/www.oswaldparfum.ch\/La-Mer\"><span style=\"color: #000000;\">La Mer<\/span><\/a><\/li>\n<li><a href=\"http:\/\/www.oswaldparfum.ch\/La-Perla\"><span style=\"color: #000000;\">La Perla<\/span><\/a><\/li>\n<li><a href=\"http:\/\/www.oswaldparfum.ch\/La-Prairie\"><span style=\"color: #000000;\">La Prairie<\/span><\/a><\/li>\n<li><a href=\"http:\/\/www.oswaldparfum.ch\/Lab-Series-for-Men\"><span style=\"color: #000000;\">Lab Series for Men<\/span><\/a><\/li>\n<li><a href=\"http:\/\/www.oswaldparfum.ch\/Lalique\"><span style=\"color: #000000;\">Lalique<\/span><\/a><\/li>\n<li><a href=\"http:\/\/www.oswaldparfum.ch\/Lancaster\"><span style=\"color: #000000;\">Lancaster<\/span><\/a><\/li>\n<li><a href=\"http:\/\/www.oswaldparfum.ch\/Lancome\"><span style=\"color: #000000;\">Lanc\u00f4me<\/span><\/a><\/li>\n<li><a href=\"http:\/\/www.oswaldparfum.ch\/Lift-and-Roll\"><span style=\"color: #000000;\">Lift and Roll<\/span><\/a><\/li>\n<li><a href=\"http:\/\/www.oswaldparfum.ch\/Lorenzo-Villoresi\"><span style=\"color: #000000;\">Lorenzo Villoresi<\/span><\/a><\/li>\n<li><a href=\"http:\/\/www.oswaldparfum.ch\/M2-Beaute\"><span style=\"color: #000000;\">M2 Beaut\u00e9<\/span><\/a><\/li>\n<li><a href=\"http:\/\/www.oswaldparfum.ch\/Marie-Beste-Freundin\"><span style=\"color: #000000;\">Marie. Beste Freundin<\/span><\/a><\/li>\n<li><a href=\"http:\/\/www.oswaldparfum.ch\/Mark-Birley\"><span style=\"color: #000000;\">Mark Birley<\/span><\/a><\/li>\n<li><a href=\"http:\/\/www.oswaldparfum.ch\/Marlies-Moeller\"><span style=\"color: #000000;\">Marlies M\u00f6ller<\/span><\/a><\/li>\n<li><a href=\"http:\/\/www.oswaldparfum.ch\/Miriam-Quevedo\"><span style=\"color: #000000;\">Miriam Quevedo<\/span><\/a><\/li>\n<li><a href=\"http:\/\/www.oswaldparfum.ch\/Molton-Brown\"><span style=\"color: #000000;\">Molton Brown<\/span><\/a><\/li>\n<li><a href=\"http:\/\/www.oswaldparfum.ch\/Mont-Blanc\"><span style=\"color: #000000;\">Mont Blanc<\/span><\/a><\/li>\n<li><a href=\"http:\/\/www.oswaldparfum.ch\/Narciso-Rodriguez\"><span style=\"color: #000000;\">Narciso Rodriguez<\/span><\/a><\/li>\n<li><a href=\"http:\/\/www.oswaldparfum.ch\/Nars\"><span style=\"color: #000000;\">Nars<\/span><\/a><\/li>\n<li><a href=\"http:\/\/www.oswaldparfum.ch\/Nina-Ricci\"><span style=\"color: #000000;\">Nina Ricci<\/span><\/a><\/li>\n<li><a href=\"http:\/\/www.oswaldparfum.ch\/OPI\"><span style=\"color: #000000;\">OPI<\/span><\/a><\/li>\n<li><a href=\"http:\/\/www.oswaldparfum.ch\/Paco-Rabanne\"><span style=\"color: #000000;\">Paco Rabanne<\/span><\/a><\/li>\n<li><a href=\"http:\/\/www.oswaldparfum.ch\/Prada\"><span style=\"color: #000000;\">Prada<\/span><\/a><\/li>\n<li><a href=\"http:\/\/www.oswaldparfum.ch\/Radical-Skincare\"><span style=\"color: #000000;\">Radical Skincare<\/span><\/a><\/li>\n<li><a href=\"http:\/\/www.oswaldparfum.ch\/Repetto\"><span style=\"color: #000000;\">Repetto<\/span><\/a><\/li>\n<li><a href=\"http:\/\/www.oswaldparfum.ch\/SBT-Sensitive-Biology-Therapy\"><span style=\"color: #000000;\">SBT Sensitive Biology Therapy<\/span><\/a><\/li>\n<li><a href=\"http:\/\/www.oswaldparfum.ch\/Sensai\"><span style=\"color: #000000;\">Sensai<\/span><\/a><\/li>\n<li><a href=\"http:\/\/www.oswaldparfum.ch\/Serge-Lutens\"><span style=\"color: #000000;\">Serge Lutens<\/span><\/a><\/li>\n<li><a href=\"http:\/\/www.oswaldparfum.ch\/Shiseido\"><span style=\"color: #000000;\">Shiseido<\/span><\/a><\/li>\n<li><a href=\"http:\/\/www.oswaldparfum.ch\/Sisley\"><span style=\"color: #000000;\">Sisley<\/span><\/a><\/li>\n<li><a href=\"http:\/\/www.oswaldparfum.ch\/StTropez\"><span style=\"color: #000000;\">St.Tropez<\/span><\/a><\/li>\n<li><a href=\"http:\/\/www.oswaldparfum.ch\/Swarovski\"><span style=\"color: #000000;\">Swarovski<\/span><\/a><\/li>\n<li><a href=\"http:\/\/www.oswaldparfum.ch\/SwissCare-Cosmetics\"><span style=\"color: #000000;\">SwissCare Cosmetics<\/span><\/a><\/li>\n<li><a href=\"http:\/\/www.oswaldparfum.ch\/The-Different-Company\"><span style=\"color: #000000;\">The Different Company<\/span><\/a><\/li>\n<li><a href=\"http:\/\/www.oswaldparfum.ch\/Thierry-Mugler\"><span style=\"color: #000000;\">Thierry Mugler<\/span><\/a><\/li>\n<li><a href=\"http:\/\/www.oswaldparfum.ch\/Tom-Ford\"><span style=\"color: #000000;\">Tom Ford<\/span><\/a><\/li>\n<li><a href=\"http:\/\/www.oswaldparfum.ch\/Travalo\"><span style=\"color: #000000;\">Travalo<\/span><\/a><\/li>\n<li><a href=\"http:\/\/www.oswaldparfum.ch\/Valentino\"><span style=\"color: #000000;\">Valentino<\/span><\/a><\/li>\n<li><a href=\"http:\/\/www.oswaldparfum.ch\/Yves-Saint-Laurent\"><span style=\"color: #000000;\">Yves Saint Laurent<\/span><\/a><\/li>\n<\/ul>\n<p>Falls Sie einen gew\u00fcnschten Duft nicht finden konnten, informieren Sie uns gerne unter folgender E-Mailadresse: <a title=\"Mein Wunschduft\" href=\"mailto:info@fragrance-club.ch?subject=Mein%20Wunschduft\">info@fragrance-club.ch<\/a>. Wir helfen Ihnen, Ihre Duft-Tr\u00e4ume zu verwirklichen.<\/p>\n","protected":false},"excerpt":{"rendered":"<p>Alphabetisch aufgelistet finden Sie alle aktuellen Parf\u00fcmmarken, die im schweizer Markt erh\u00e4ltlich sind: Acqua di Biella Acqua di Parma Air Stocking anann\u00e9 Aramis Armani\/Priv\u00e9 Atkinsons 1799 Biotherm Bj\u00f6rn Ax\u00e9n Bobbi Brown Bois 1920 Boucheron Burberry Bvlgari Carita Carla Fracci Chanel Clarins Clean Clinique Collistar Creed Declar\u00e9 Dior Donna Karan Elie Saab Est\u00e9e Lauder Eyesential Giorgio [&hellip;]<\/p>\n","protected":false},"author":2,"featured_media":0,"parent":0,"menu_order":0,"comment_status":"closed","ping_status":"closed","template":"","meta":{"footnotes":""},"class_list":["post-22","page","type-page","status-publish","hentry"],"_links":{"self":[{"href":"https:\/\/www.fragrance-club.ch\/index.php?rest_route=\/wp\/v2\/pages\/22","targetHints":{"allow":["GET"]}}],"collection":[{"href":"https:\/\/www.fragrance-club.ch\/index.php?rest_route=\/wp\/v2\/pages"}],"about":[{"href":"https:\/\/www.fragrance-club.ch\/index.php?rest_route=\/wp\/v2\/types\/page"}],"author":[{"embeddable":true,"href":"https:\/\/www.fragrance-club.ch\/index.php?rest_route=\/wp\/v2\/users\/2"}],"replies":[{"embeddable":true,"href":"https:\/\/www.fragrance-club.ch\/index.php?rest_route=%2Fwp%2Fv2%2Fcomments&post=22"}],"version-history":[{"count":14,"href":"https:\/\/www.fragrance-club.ch\/index.php?rest_route=\/wp\/v2\/pages\/22\/revisions"}],"predecessor-version":[{"id":151,"href":"https:\/\/www.fragrance-club.ch\/index.php?rest_route=\/wp\/v2\/pages\/22\/revisions\/151"}],"wp:attachment":[{"href":"https:\/\/www.fragrance-club.ch\/index.php?rest_route=%2Fwp%2Fv2%2Fmedia&parent=22"}],"curies":[{"name":"wp","href":"https:\/\/api.w.org\/{rel}","templated":true}]}}