{"id":14,"date":"2014-06-30T18:01:14","date_gmt":"2014-06-30T16:01:14","guid":{"rendered":"http:\/\/www.fragrance-club.ch\/?page_id=14"},"modified":"2015-02-16T20:42:17","modified_gmt":"2015-02-16T18:42:17","slug":"home","status":"publish","type":"page","link":"https:\/\/www.fragrance-club.ch\/","title":{"rendered":"Die faszinierende Welt der D\u00fcfte"},"content":{"rendered":"<p style=\"text-align: center;\"><!-- InstanceEndEditable --><!-- InstanceBeginEditable name=\"Inhalt\" -->Seit Menschengedenken werden D\u00fcfte eingesetzt, um Stimmungen, Gef\u00fchle und das generelle Wohlbefinden m\u00f6glichst positiv zu beeinflussen. Und ganz gleich, ob D\u00fcfte im Bereich der K\u00f6rperpflege, in Gesch\u00e4fts- und Verkaufsr\u00e4umen, in \u00f6ffentlichen R\u00e4umen oder auch in privater Umgebung angewendet werden, eines bleibt sich gleich:<\/p>\n<p style=\"text-align: center;\"><strong><br \/>\n<a href=\"http:\/\/www.fragrance-club.ch\/wp-content\/uploads\/2014\/06\/Fotolia_61196319_S.jpg\"><img loading=\"lazy\" decoding=\"async\" class=\"aligncenter size-medium wp-image-106\" src=\"http:\/\/www.fragrance-club.ch\/wp-content\/uploads\/2014\/06\/Fotolia_61196319_S-300x300.jpg\" alt=\"Die Welt der Parf\u00fcme\" width=\"300\" height=\"300\" srcset=\"https:\/\/www.fragrance-club.ch\/wp-content\/uploads\/2014\/06\/Fotolia_61196319_S-300x300.jpg 300w, https:\/\/www.fragrance-club.ch\/wp-content\/uploads\/2014\/06\/Fotolia_61196319_S-150x150.jpg 150w, https:\/\/www.fragrance-club.ch\/wp-content\/uploads\/2014\/06\/Fotolia_61196319_S.jpg 693w\" sizes=\"auto, (max-width: 300px) 100vw, 300px\" \/><\/a><\/strong><\/p>\n<p style=\"text-align: center;\"><strong><br \/>\nD\u00fcfte wirken und hinterlassen bleibende\u00a0Erinnerungen&#8230;<\/p>\n<p><\/strong><\/p>\n","protected":false},"excerpt":{"rendered":"<p>Seit Menschengedenken werden D\u00fcfte eingesetzt, um Stimmungen, Gef\u00fchle und das generelle Wohlbefinden m\u00f6glichst positiv zu beeinflussen. Und ganz gleich, ob D\u00fcfte im Bereich der K\u00f6rperpflege, in Gesch\u00e4fts- und Verkaufsr\u00e4umen, in \u00f6ffentlichen R\u00e4umen oder auch in privater Umgebung angewendet werden, eines bleibt sich gleich: D\u00fcfte wirken und hinterlassen bleibende\u00a0Erinnerungen&#8230;<\/p>\n","protected":false},"author":1,"featured_media":0,"parent":0,"menu_order":0,"comment_status":"closed","ping_status":"closed","template":"","meta":{"footnotes":""},"class_list":["post-14","page","type-page","status-publish","hentry"],"_links":{"self":[{"href":"https:\/\/www.fragrance-club.ch\/index.php?rest_route=\/wp\/v2\/pages\/14","targetHints":{"allow":["GET"]}}],"collection":[{"href":"https:\/\/www.fragrance-club.ch\/index.php?rest_route=\/wp\/v2\/pages"}],"about":[{"href":"https:\/\/www.fragrance-club.ch\/index.php?rest_route=\/wp\/v2\/types\/page"}],"author":[{"embeddable":true,"href":"https:\/\/www.fragrance-club.ch\/index.php?rest_route=\/wp\/v2\/users\/1"}],"replies":[{"embeddable":true,"href":"https:\/\/www.fragrance-club.ch\/index.php?rest_route=%2Fwp%2Fv2%2Fcomments&post=14"}],"version-history":[{"count":12,"href":"https:\/\/www.fragrance-club.ch\/index.php?rest_route=\/wp\/v2\/pages\/14\/revisions"}],"predecessor-version":[{"id":133,"href":"https:\/\/www.fragrance-club.ch\/index.php?rest_route=\/wp\/v2\/pages\/14\/revisions\/133"}],"wp:attachment":[{"href":"https:\/\/www.fragrance-club.ch\/index.php?rest_route=%2Fwp%2Fv2%2Fmedia&parent=14"}],"curies":[{"name":"wp","href":"https:\/\/api.w.org\/{rel}","templated":true}]}}